{"id":59,"date":"2023-02-07T14:25:20","date_gmt":"2023-02-07T13:25:20","guid":{"rendered":"https:\/\/abdallahautomobile.mdsthannes.de\/?page_id=59"},"modified":"2023-02-20T13:05:48","modified_gmt":"2023-02-20T12:05:48","slug":"ueber-uns","status":"publish","type":"page","link":"https:\/\/abdallah-automobile.de\/?page_id=59","title":{"rendered":"\u00dcber uns"},"content":{"rendered":"\t\t<div data-elementor-type=\"wp-page\" data-elementor-id=\"59\" class=\"elementor elementor-59\">\n\t\t\t\t\t\t<section class=\"elementor-section elementor-top-section elementor-element elementor-element-59c11c2 elementor-section-height-min-height elementor-section-boxed elementor-section-height-default elementor-section-items-middle\" data-id=\"59c11c2\" data-element_type=\"section\" data-settings=\"{&quot;background_background&quot;:&quot;classic&quot;,&quot;jet_parallax_layout_list&quot;:[]}\">\n\t\t\t\t\t\t<div class=\"elementor-container elementor-column-gap-default\">\n\t\t\t\t\t<div class=\"elementor-column elementor-col-100 elementor-top-column elementor-element elementor-element-a13de24\" data-id=\"a13de24\" data-element_type=\"column\">\n\t\t\t<div class=\"elementor-widget-wrap elementor-element-populated\">\n\t\t\t\t\t\t<div class=\"elementor-element elementor-element-ad0760c elementor-widget elementor-widget-heading\" data-id=\"ad0760c\" data-element_type=\"widget\" data-widget_type=\"heading.default\">\n\t\t\t\t<div class=\"elementor-widget-container\">\n\t\t\t\t\t<h1 class=\"elementor-heading-title elementor-size-default\">\u00dcber uns<\/h1>\t\t\t\t<\/div>\n\t\t\t\t<\/div>\n\t\t\t\t\t<\/div>\n\t\t<\/div>\n\t\t\t\t\t<\/div>\n\t\t<\/section>\n\t\t\t\t<section class=\"elementor-section elementor-top-section elementor-element elementor-element-4415f54 elementor-reverse-mobile elementor-section-boxed elementor-section-height-default elementor-section-height-default\" data-id=\"4415f54\" data-element_type=\"section\" data-settings=\"{&quot;jet_parallax_layout_list&quot;:[]}\">\n\t\t\t\t\t\t<div class=\"elementor-container elementor-column-gap-default\">\n\t\t\t\t\t<div class=\"elementor-column elementor-col-50 elementor-top-column elementor-element elementor-element-3f3a742\" data-id=\"3f3a742\" data-element_type=\"column\">\n\t\t\t<div class=\"elementor-widget-wrap elementor-element-populated\">\n\t\t\t\t\t\t<div class=\"elementor-element elementor-element-96af897 elementor-invisible elementor-widget elementor-widget-heading\" data-id=\"96af897\" data-element_type=\"widget\" data-settings=\"{&quot;_animation&quot;:&quot;fadeIn&quot;}\" data-widget_type=\"heading.default\">\n\t\t\t\t<div class=\"elementor-widget-container\">\n\t\t\t\t\t<h2 class=\"elementor-heading-title elementor-size-default\">Abdallah Automobile: Seit 1990 f\u00fcr Sie da!<\/h2>\t\t\t\t<\/div>\n\t\t\t\t<\/div>\n\t\t\t\t<div class=\"elementor-element elementor-element-1b58866 elementor-widget elementor-widget-text-editor\" data-id=\"1b58866\" data-element_type=\"widget\" data-widget_type=\"text-editor.default\">\n\t\t\t\t<div class=\"elementor-widget-container\">\n\t\t\t\t\t\t\t\t\t<p>Willkommen bei M.Abdallah Automobile, Ihrem zuverl\u00e4ssigen Partner f\u00fcr den Kauf Ihres gebrauchten Automobils. Bei uns sind Sie an der richtigen Adresse, wenn Sie Ihr Auto verkaufen m\u00f6chten. Wir kaufen alle Automarken und Modelle in jedem Zustand, unabh\u00e4ngig davon, wie alt oder wie gut es gepflegt wurde.<\/p><p>Unser Team besteht aus erfahrenen Fachleuten, die genau wissen, was ein Auto wert ist. Wir bieten Ihnen eine faire Bezahlung f\u00fcr Ihr Auto, unabh\u00e4ngig davon, ob es ein \u00e4lteres Modell oder ein neueres Auto mit modernen Funktionen ist. Unser Ziel ist es, Ihnen eine unkomplizierte und schnelle Transaktion zu erm\u00f6glichen, damit Sie schnell von Ihrem alten Auto loskommen und sich ein neues leisten k\u00f6nnen.<\/p>\t\t\t\t\t\t\t\t<\/div>\n\t\t\t\t<\/div>\n\t\t\t\t\t<\/div>\n\t\t<\/div>\n\t\t\t\t<div class=\"elementor-column elementor-col-50 elementor-top-column elementor-element elementor-element-9556e0a\" data-id=\"9556e0a\" data-element_type=\"column\">\n\t\t\t<div class=\"elementor-widget-wrap elementor-element-populated\">\n\t\t\t\t\t\t<div class=\"elementor-element elementor-element-69bd3d8 elementor-widget elementor-widget-image\" data-id=\"69bd3d8\" data-element_type=\"widget\" data-widget_type=\"image.default\">\n\t\t\t\t<div class=\"elementor-widget-container\">\n\t\t\t\t\t\t\t\t\t\t\t\t\t\t\t<img decoding=\"async\" width=\"205\" height=\"91\" src=\"https:\/\/abdallah-automobile.de\/wp-content\/uploads\/2023\/02\/MA-01-removebg-preview-3-e1675776275793.png\" class=\"attachment-large size-large wp-image-57\" alt=\"Abdallah Automobile Logo transparent\" \/>\t\t\t\t\t\t\t\t\t\t\t\t\t\t\t<\/div>\n\t\t\t\t<\/div>\n\t\t\t\t\t<\/div>\n\t\t<\/div>\n\t\t\t\t\t<\/div>\n\t\t<\/section>\n\t\t\t\t<\/div>\n\t\t","protected":false},"excerpt":{"rendered":"<p>\u00dcber uns Abdallah Automobile: Seit 1990 f\u00fcr Sie da! Willkommen bei M.Abdallah Automobile, Ihrem zuverl\u00e4ssigen Partner f\u00fcr den Kauf Ihres gebrauchten Automobils. Bei uns sind Sie an der richtigen Adresse, wenn Sie Ihr Auto verkaufen m\u00f6chten. Wir kaufen alle Automarken und Modelle in jedem Zustand, unabh\u00e4ngig davon, wie alt oder wie gut es gepflegt wurde. [&hellip;]<\/p>\n","protected":false},"author":1,"featured_media":81,"parent":0,"menu_order":0,"comment_status":"closed","ping_status":"closed","template":"","meta":{"footnotes":""},"class_list":["post-59","page","type-page","status-publish","has-post-thumbnail","hentry"],"yoast_head":"<!-- This site is optimized with the Yoast SEO plugin v23.4 - https:\/\/yoast.com\/wordpress\/plugins\/seo\/ -->\n<title>\u00dcber uns - Abdallah Automobile<\/title>\n<meta name=\"description\" content=\"Abdallah Automobile: Wir kaufen alle Automarken und Modelle in jedem Zustand, unabh\u00e4ngig davon, wie alt oder wie gut es gepflegt wurde.\" \/>\n<meta name=\"robots\" content=\"index, follow, max-snippet:-1, max-image-preview:large, max-video-preview:-1\" \/>\n<link rel=\"canonical\" href=\"https:\/\/abdallah-automobile.de\/?page_id=59\" \/>\n<meta property=\"og:locale\" content=\"de_DE\" \/>\n<meta property=\"og:type\" content=\"article\" \/>\n<meta property=\"og:title\" content=\"\u00dcber uns - Abdallah Automobile\" \/>\n<meta property=\"og:description\" content=\"Abdallah Automobile: Wir kaufen alle Automarken und Modelle in jedem Zustand, unabh\u00e4ngig davon, wie alt oder wie gut es gepflegt wurde.\" \/>\n<meta property=\"og:url\" content=\"https:\/\/abdallah-automobile.de\/?page_id=59\" \/>\n<meta property=\"og:site_name\" content=\"Abdallah Automobile\" \/>\n<meta property=\"article:modified_time\" content=\"2023-02-20T12:05:48+00:00\" \/>\n<meta property=\"og:image\" content=\"https:\/\/abdallah-automobile.de\/wp-content\/uploads\/2023\/02\/AdobeStock_188239562-scaled.jpeg\" \/>\n\t<meta property=\"og:image:width\" content=\"2560\" \/>\n\t<meta property=\"og:image:height\" content=\"1707\" \/>\n\t<meta property=\"og:image:type\" content=\"image\/jpeg\" \/>\n<meta name=\"twitter:card\" content=\"summary_large_image\" \/>\n<meta name=\"twitter:label1\" content=\"Gesch\u00e4tzte Lesezeit\" \/>\n\t<meta name=\"twitter:data1\" content=\"1\u00a0Minute\" \/>\n<script type=\"application\/ld+json\" class=\"yoast-schema-graph\">{\"@context\":\"https:\/\/schema.org\",\"@graph\":[{\"@type\":\"WebPage\",\"@id\":\"https:\/\/abdallah-automobile.de\/?page_id=59\",\"url\":\"https:\/\/abdallah-automobile.de\/?page_id=59\",\"name\":\"\u00dcber uns - Abdallah Automobile\",\"isPartOf\":{\"@id\":\"https:\/\/abdallah-automobile.de\/#website\"},\"primaryImageOfPage\":{\"@id\":\"https:\/\/abdallah-automobile.de\/?page_id=59#primaryimage\"},\"image\":{\"@id\":\"https:\/\/abdallah-automobile.de\/?page_id=59#primaryimage\"},\"thumbnailUrl\":\"https:\/\/abdallah-automobile.de\/wp-content\/uploads\/2023\/02\/AdobeStock_188239562-scaled.jpeg\",\"datePublished\":\"2023-02-07T13:25:20+00:00\",\"dateModified\":\"2023-02-20T12:05:48+00:00\",\"description\":\"Abdallah Automobile: Wir kaufen alle Automarken und Modelle in jedem Zustand, unabh\u00e4ngig davon, wie alt oder wie gut es gepflegt wurde.\",\"breadcrumb\":{\"@id\":\"https:\/\/abdallah-automobile.de\/?page_id=59#breadcrumb\"},\"inLanguage\":\"de\",\"potentialAction\":[{\"@type\":\"ReadAction\",\"target\":[\"https:\/\/abdallah-automobile.de\/?page_id=59\"]}]},{\"@type\":\"ImageObject\",\"inLanguage\":\"de\",\"@id\":\"https:\/\/abdallah-automobile.de\/?page_id=59#primaryimage\",\"url\":\"https:\/\/abdallah-automobile.de\/wp-content\/uploads\/2023\/02\/AdobeStock_188239562-scaled.jpeg\",\"contentUrl\":\"https:\/\/abdallah-automobile.de\/wp-content\/uploads\/2023\/02\/AdobeStock_188239562-scaled.jpeg\",\"width\":2560,\"height\":1707,\"caption\":\"Abdallah Automobile: Gebraucht KFZ und mehr\"},{\"@type\":\"BreadcrumbList\",\"@id\":\"https:\/\/abdallah-automobile.de\/?page_id=59#breadcrumb\",\"itemListElement\":[{\"@type\":\"ListItem\",\"position\":1,\"name\":\"Startseite\",\"item\":\"https:\/\/abdallah-automobile.de\/\"},{\"@type\":\"ListItem\",\"position\":2,\"name\":\"\u00dcber uns\"}]},{\"@type\":\"WebSite\",\"@id\":\"https:\/\/abdallah-automobile.de\/#website\",\"url\":\"https:\/\/abdallah-automobile.de\/\",\"name\":\"Abdallah Automobile\",\"description\":\"\",\"publisher\":{\"@id\":\"https:\/\/abdallah-automobile.de\/#organization\"},\"potentialAction\":[{\"@type\":\"SearchAction\",\"target\":{\"@type\":\"EntryPoint\",\"urlTemplate\":\"https:\/\/abdallah-automobile.de\/?s={search_term_string}\"},\"query-input\":{\"@type\":\"PropertyValueSpecification\",\"valueRequired\":true,\"valueName\":\"search_term_string\"}}],\"inLanguage\":\"de\"},{\"@type\":\"Organization\",\"@id\":\"https:\/\/abdallah-automobile.de\/#organization\",\"name\":\"Abdallah Automobile\",\"url\":\"https:\/\/abdallah-automobile.de\/\",\"logo\":{\"@type\":\"ImageObject\",\"inLanguage\":\"de\",\"@id\":\"https:\/\/abdallah-automobile.de\/#\/schema\/logo\/image\/\",\"url\":\"https:\/\/abdallah-automobile.de\/wp-content\/uploads\/2023\/02\/AbdallahAutomobile.png\",\"contentUrl\":\"https:\/\/abdallah-automobile.de\/wp-content\/uploads\/2023\/02\/AbdallahAutomobile.png\",\"width\":500,\"height\":500,\"caption\":\"Abdallah Automobile\"},\"image\":{\"@id\":\"https:\/\/abdallah-automobile.de\/#\/schema\/logo\/image\/\"}}]}<\/script>\n<!-- \/ Yoast SEO plugin. -->","yoast_head_json":{"title":"\u00dcber uns - Abdallah Automobile","description":"Abdallah Automobile: Wir kaufen alle Automarken und Modelle in jedem Zustand, unabh\u00e4ngig davon, wie alt oder wie gut es gepflegt wurde.","robots":{"index":"index","follow":"follow","max-snippet":"max-snippet:-1","max-image-preview":"max-image-preview:large","max-video-preview":"max-video-preview:-1"},"canonical":"https:\/\/abdallah-automobile.de\/?page_id=59","og_locale":"de_DE","og_type":"article","og_title":"\u00dcber uns - Abdallah Automobile","og_description":"Abdallah Automobile: Wir kaufen alle Automarken und Modelle in jedem Zustand, unabh\u00e4ngig davon, wie alt oder wie gut es gepflegt wurde.","og_url":"https:\/\/abdallah-automobile.de\/?page_id=59","og_site_name":"Abdallah Automobile","article_modified_time":"2023-02-20T12:05:48+00:00","og_image":[{"width":2560,"height":1707,"url":"https:\/\/abdallah-automobile.de\/wp-content\/uploads\/2023\/02\/AdobeStock_188239562-scaled.jpeg","type":"image\/jpeg"}],"twitter_card":"summary_large_image","twitter_misc":{"Gesch\u00e4tzte Lesezeit":"1\u00a0Minute"},"schema":{"@context":"https:\/\/schema.org","@graph":[{"@type":"WebPage","@id":"https:\/\/abdallah-automobile.de\/?page_id=59","url":"https:\/\/abdallah-automobile.de\/?page_id=59","name":"\u00dcber uns - Abdallah Automobile","isPartOf":{"@id":"https:\/\/abdallah-automobile.de\/#website"},"primaryImageOfPage":{"@id":"https:\/\/abdallah-automobile.de\/?page_id=59#primaryimage"},"image":{"@id":"https:\/\/abdallah-automobile.de\/?page_id=59#primaryimage"},"thumbnailUrl":"https:\/\/abdallah-automobile.de\/wp-content\/uploads\/2023\/02\/AdobeStock_188239562-scaled.jpeg","datePublished":"2023-02-07T13:25:20+00:00","dateModified":"2023-02-20T12:05:48+00:00","description":"Abdallah Automobile: Wir kaufen alle Automarken und Modelle in jedem Zustand, unabh\u00e4ngig davon, wie alt oder wie gut es gepflegt wurde.","breadcrumb":{"@id":"https:\/\/abdallah-automobile.de\/?page_id=59#breadcrumb"},"inLanguage":"de","potentialAction":[{"@type":"ReadAction","target":["https:\/\/abdallah-automobile.de\/?page_id=59"]}]},{"@type":"ImageObject","inLanguage":"de","@id":"https:\/\/abdallah-automobile.de\/?page_id=59#primaryimage","url":"https:\/\/abdallah-automobile.de\/wp-content\/uploads\/2023\/02\/AdobeStock_188239562-scaled.jpeg","contentUrl":"https:\/\/abdallah-automobile.de\/wp-content\/uploads\/2023\/02\/AdobeStock_188239562-scaled.jpeg","width":2560,"height":1707,"caption":"Abdallah Automobile: Gebraucht KFZ und mehr"},{"@type":"BreadcrumbList","@id":"https:\/\/abdallah-automobile.de\/?page_id=59#breadcrumb","itemListElement":[{"@type":"ListItem","position":1,"name":"Startseite","item":"https:\/\/abdallah-automobile.de\/"},{"@type":"ListItem","position":2,"name":"\u00dcber uns"}]},{"@type":"WebSite","@id":"https:\/\/abdallah-automobile.de\/#website","url":"https:\/\/abdallah-automobile.de\/","name":"Abdallah Automobile","description":"","publisher":{"@id":"https:\/\/abdallah-automobile.de\/#organization"},"potentialAction":[{"@type":"SearchAction","target":{"@type":"EntryPoint","urlTemplate":"https:\/\/abdallah-automobile.de\/?s={search_term_string}"},"query-input":{"@type":"PropertyValueSpecification","valueRequired":true,"valueName":"search_term_string"}}],"inLanguage":"de"},{"@type":"Organization","@id":"https:\/\/abdallah-automobile.de\/#organization","name":"Abdallah Automobile","url":"https:\/\/abdallah-automobile.de\/","logo":{"@type":"ImageObject","inLanguage":"de","@id":"https:\/\/abdallah-automobile.de\/#\/schema\/logo\/image\/","url":"https:\/\/abdallah-automobile.de\/wp-content\/uploads\/2023\/02\/AbdallahAutomobile.png","contentUrl":"https:\/\/abdallah-automobile.de\/wp-content\/uploads\/2023\/02\/AbdallahAutomobile.png","width":500,"height":500,"caption":"Abdallah Automobile"},"image":{"@id":"https:\/\/abdallah-automobile.de\/#\/schema\/logo\/image\/"}}]}},"_links":{"self":[{"href":"https:\/\/abdallah-automobile.de\/index.php?rest_route=\/wp\/v2\/pages\/59","targetHints":{"allow":["GET"]}}],"collection":[{"href":"https:\/\/abdallah-automobile.de\/index.php?rest_route=\/wp\/v2\/pages"}],"about":[{"href":"https:\/\/abdallah-automobile.de\/index.php?rest_route=\/wp\/v2\/types\/page"}],"author":[{"embeddable":true,"href":"https:\/\/abdallah-automobile.de\/index.php?rest_route=\/wp\/v2\/users\/1"}],"replies":[{"embeddable":true,"href":"https:\/\/abdallah-automobile.de\/index.php?rest_route=%2Fwp%2Fv2%2Fcomments&post=59"}],"version-history":[{"count":18,"href":"https:\/\/abdallah-automobile.de\/index.php?rest_route=\/wp\/v2\/pages\/59\/revisions"}],"predecessor-version":[{"id":260,"href":"https:\/\/abdallah-automobile.de\/index.php?rest_route=\/wp\/v2\/pages\/59\/revisions\/260"}],"wp:featuredmedia":[{"embeddable":true,"href":"https:\/\/abdallah-automobile.de\/index.php?rest_route=\/wp\/v2\/media\/81"}],"wp:attachment":[{"href":"https:\/\/abdallah-automobile.de\/index.php?rest_route=%2Fwp%2Fv2%2Fmedia&parent=59"}],"curies":[{"name":"wp","href":"https:\/\/api.w.org\/{rel}","templated":true}]}}